{"id":27194,"date":"2019-10-16T13:53:43","date_gmt":"2019-10-16T18:53:43","guid":{"rendered":"https:\/\/tepetongo.com.mx\/venta-de-boletos-tepetongo\/?page_id=27194"},"modified":"2020-11-20T10:10:48","modified_gmt":"2020-11-20T16:10:48","slug":"aviso-de-privacidad","status":"publish","type":"page","link":"https:\/\/tepetongo.com.mx\/venta-de-boletos-tepetongo\/aviso-de-privacidad\/","title":{"rendered":"Aviso de Privacidad"},"content":{"rendered":"\n<h2 class=\"product_title wp-block-heading\">Sienta confianza cuando reserve en nuestro Parque Acu\u00e1tico Tepetongo (Mundo Granjero, S.A. de C.V.)<\/h2>\n\n\n\n<p>Mundo\n Granjero, S.A. de C.V. valora su privacidad, por lo mismo queremos que \ntenga confianza en el uso de este sitio para hacer sus reservaciones en \nl\u00ednea, Estamos muy conscientes de su preocupaci\u00f3n sobre la privacidad de\n su informaci\u00f3n, por eso mismo no tenemos ning\u00fan deseo o intenci\u00f3n de \ninfringirla.<\/p>\n\n\n\n<p>No\n vamos a proporcionar la informaci\u00f3n personal a nadie. Cuando usted \nenv\u00eda su informaci\u00f3n personal como nombre, direcci\u00f3n, correo electr\u00f3nico\n y n\u00famero de tel\u00e9fono tenga la seguridad de que no vamos a vender esta \ninformaci\u00f3n a ninguna compa\u00f1\u00eda externa para ning\u00fan uso, la informaci\u00f3n \nque proporcione ser\u00e1 confidencial y se utilizar\u00e1 \u00fanicamente para apoyar \nsu relaci\u00f3n como cliente con nosotros. Tenemos medidas de seguridad \napropiadas para protegerla contra p\u00e9rdida, mal uso o alteraci\u00f3n de \ninformaci\u00f3n que hemos recopilado de usted en nuestro sitio.<\/p>\n\n\n\n<p>Toda\n la informaci\u00f3n contenida en este sitio web incluyendo el sitio de \ndise\u00f1o, gr\u00e1ficos y textos son propiedad intelectual de Mundo Granjero. \nLas dem\u00e1s marcas registradas, nombres de compa\u00f1\u00edas, nombres y \/ o signos\n distintivos expuestos en este sitio web de productos son propiedad de \nsus respectivos due\u00f1os.<\/p>\n","protected":false},"excerpt":{"rendered":"<p>Sienta confianza cuando reserve en nuestro Parque Acu\u00e1tico Tepetongo (Mundo Granjero, S.A. de C.V.) Mundo Granjero, S.A. de C.V. valora su privacidad, por lo mismo queremos que tenga confianza en el uso de este sitio para hacer sus reservaciones en l\u00ednea, Estamos muy conscientes de su preocupaci\u00f3n sobre la privacidad de su informaci\u00f3n, por eso [&hellip;]<\/p>\n","protected":false},"author":1039,"featured_media":0,"parent":0,"menu_order":0,"comment_status":"closed","ping_status":"closed","template":"template-fullwidth.php","meta":{"inline_featured_image":false,"footnotes":""},"class_list":["post-27194","page","type-page","status-publish","hentry"],"_links":{"self":[{"href":"https:\/\/tepetongo.com.mx\/venta-de-boletos-tepetongo\/wp-json\/wp\/v2\/pages\/27194","targetHints":{"allow":["GET"]}}],"collection":[{"href":"https:\/\/tepetongo.com.mx\/venta-de-boletos-tepetongo\/wp-json\/wp\/v2\/pages"}],"about":[{"href":"https:\/\/tepetongo.com.mx\/venta-de-boletos-tepetongo\/wp-json\/wp\/v2\/types\/page"}],"author":[{"embeddable":true,"href":"https:\/\/tepetongo.com.mx\/venta-de-boletos-tepetongo\/wp-json\/wp\/v2\/users\/1039"}],"replies":[{"embeddable":true,"href":"https:\/\/tepetongo.com.mx\/venta-de-boletos-tepetongo\/wp-json\/wp\/v2\/comments?post=27194"}],"version-history":[{"count":0,"href":"https:\/\/tepetongo.com.mx\/venta-de-boletos-tepetongo\/wp-json\/wp\/v2\/pages\/27194\/revisions"}],"wp:attachment":[{"href":"https:\/\/tepetongo.com.mx\/venta-de-boletos-tepetongo\/wp-json\/wp\/v2\/media?parent=27194"}],"curies":[{"name":"wp","href":"https:\/\/api.w.org\/{rel}","templated":true}]}}