{"id":54737,"date":"2021-05-03T13:58:50","date_gmt":"2021-05-03T18:58:50","guid":{"rendered":"https:\/\/tepetongo.com.mx\/venta-de-boletos-tepetongo\/?page_id=54737"},"modified":"2021-05-04T10:56:22","modified_gmt":"2021-05-04T15:56:22","slug":"galeria-videos","status":"publish","type":"page","link":"https:\/\/tepetongo.com.mx\/venta-de-boletos-tepetongo\/galeria-videos\/","title":{"rendered":"VIDEOS"},"content":{"rendered":"<section id=\"origincode_videogallery_content_1\" class=\"gallery-video-content\"\n         data-gallery-video-id=\"1\"\n         data-gallery-video-perpage=\"5\">\n    <div id=\"origincode_videogallery_container_1\"\n         class=\"origincode_videogallery_container super-list variable-sizes clearfix view-lightbox-gallery\"\n         data-show-center=\"off\">\n        <div id=\"origincode_videogallery_container_moving_1\"\n             class=\"super-list variable-sizes clearfix\">\n            <input type=\"hidden\" class=\"pagenum\" value=\"1\"\/>\n            <input type=\"hidden\" id=\"total\" value=\"2\"\/>\n                            <div data-id=\"1\"\n                     class=\"video-element_1 video-element\" tabindex=\"0\"\n                     data-symbol=\"Stuka y Kamikase \u00a1M\u00e1xima diversi\u00f3n y adrenalina!\"\n                     data-category=\"alkaline-earth\">\n                    <div class=\"image-block_1\">\n                                                    <a class=\"vyoutube origincode_videogallery_item group1\"\n                               href=\"\/\/www.youtube.com\/embed\/8ieqfntNC4k\"\n                               title=\"Stuka y Kamikase \u00a1M\u00e1xima diversi\u00f3n y adrenalina!\"\n                               data-description=\"&lt;p&gt;Conoce a Stuka y Kamikase una de nuestras m\u00e1ximas atracciones. Con sus 12.5 y 16 m respectivamente te dar\u00e1n un recorrido de hasta 60km\/h \u00bfY t\u00fa te avientas?&lt;\/p&gt;\"\n                               data-id=\"1\">\n                                <img decoding=\"async\" src=\"\/\/img.youtube.com\/vi\/8ieqfntNC4k\/mqdefault.jpg\"\n                                     alt=\"Stuka y Kamikase \u00a1M\u00e1xima diversi\u00f3n y adrenalina!\"\/>\n                                <div class=\"play-icon http:\/\/youtube-icon\"><\/div>\n                            <\/a>\n                                                <\/div>\n                                            <div class=\"title-block_1\">\n                                                    Stuka y Kamikase \u00a1M\u00e1xima diversi\u00f3n y adrenalina!                                                <\/div>\n                                    <\/div>\n                                <div data-id=\"2\"\n                     class=\"video-element_1 video-element\" tabindex=\"0\"\n                     data-symbol=\"Kamilanchas \u00a1Las favoritas de todos!\"\n                     data-category=\"alkaline-earth\">\n                    <div class=\"image-block_1\">\n                                                    <a class=\"vyoutube origincode_videogallery_item group1\"\n                               href=\"\/\/www.youtube.com\/embed\/PPJMQKqqLWA\"\n                               title=\"Kamilanchas \u00a1Las favoritas de todos!\"\n                               data-description=\"&lt;p&gt;Las Kamilanchas son 2 toboganes gemelos que llenan de diversi\u00f3n a la par. Tienen 15 metros de altura y alcanzan una velocidad de 60km\/h \u00a1Son inolvidables!&lt;\/p&gt;\"\n                               data-id=\"2\">\n                                <img decoding=\"async\" src=\"\/\/img.youtube.com\/vi\/PPJMQKqqLWA\/mqdefault.jpg\"\n                                     alt=\"Kamilanchas \u00a1Las favoritas de todos!\"\/>\n                                <div class=\"play-icon http:\/\/youtube-icon\"><\/div>\n                            <\/a>\n                                                <\/div>\n                                            <div class=\"title-block_1\">\n                                                    Kamilanchas \u00a1Las favoritas de todos!                                                <\/div>\n                                    <\/div>\n                                <div data-id=\"3\"\n                     class=\"video-element_1 video-element\" tabindex=\"0\"\n                     data-symbol=\"Snake Racer \u00a1El m\u00e1s feroz!\"\n                     data-category=\"alkaline-earth\">\n                    <div class=\"image-block_1\">\n                                                    <a class=\"vyoutube origincode_videogallery_item group1\"\n                               href=\"\/\/www.youtube.com\/embed\/ZsTDlpITsgA\"\n                               title=\"Snake Racer \u00a1El m\u00e1s feroz!\"\n                               data-description=\"&lt;h6&gt;El impresionante Snake Racer te llevar\u00e1 a un recorrido de 120m gracias a sus 15 metros de altura y alcanzar\u00e1s una velocidad de hasta 30km\/h. \u00a1Sin duda es uno de los favoritos de todos!&lt;\/p&gt;\"\n                               data-id=\"3\">\n                                <img decoding=\"async\" src=\"\/\/img.youtube.com\/vi\/ZsTDlpITsgA\/mqdefault.jpg\"\n                                     alt=\"Snake Racer \u00a1El m\u00e1s feroz!\"\/>\n                                <div class=\"play-icon http:\/\/youtube-icon\"><\/div>\n                            <\/a>\n                                                <\/div>\n                                            <div class=\"title-block_1\">\n                                                    Snake Racer \u00a1El m\u00e1s feroz!                                                <\/div>\n                                    <\/div>\n                                <div data-id=\"4\"\n                     class=\"video-element_1 video-element\" tabindex=\"0\"\n                     data-symbol=\"Velociraptor \u00a1Tienes que conocerlo!\"\n                     data-category=\"alkaline-earth\">\n                    <div class=\"image-block_1\">\n                                                    <a class=\"vyoutube origincode_videogallery_item group1\"\n                               href=\"\/\/www.youtube.com\/embed\/JN0ow_QTIgM\"\n                               title=\"Velociraptor \u00a1Tienes que conocerlo!\"\n                               data-description=\"&lt;p&gt;El tobog\u00e1n m\u00e1s grande de Tepetongo, alcanza una velocidad de hasta 30km\/h en su recorrido de 115 m \u00a1Atr\u00e9vete a conocerlo y lleva tu adrenalina al siguiente nivel!&lt;\/p&gt;\"\n                               data-id=\"4\">\n                                <img decoding=\"async\" src=\"\/\/img.youtube.com\/vi\/JN0ow_QTIgM\/mqdefault.jpg\"\n                                     alt=\"Velociraptor \u00a1Tienes que conocerlo!\"\/>\n                                <div class=\"play-icon http:\/\/youtube-icon\"><\/div>\n                            <\/a>\n                                                <\/div>\n                                            <div class=\"title-block_1\">\n                                                    Velociraptor \u00a1Tienes que conocerlo!                                                <\/div>\n                                    <\/div>\n                                <div data-id=\"5\"\n                     class=\"video-element_1 video-element\" tabindex=\"0\"\n                     data-symbol=\"Tornado \u00a1Envu\u00e9lvete en su diversi\u00f3n!\"\n                     data-category=\"alkaline-earth\">\n                    <div class=\"image-block_1\">\n                                                    <a class=\"vyoutube origincode_videogallery_item group1\"\n                               href=\"\/\/www.youtube.com\/embed\/hWlcD2Zye_M\"\n                               title=\"Tornado \u00a1Envu\u00e9lvete en su diversi\u00f3n!\"\n                               data-description=\"&lt;h6&gt;Tornado es uno de los toboganes m\u00e1s recientes del parque, tiene una altura de 13 metros y alcanza una velocidad de hasta 40km\/h. En poco tiempo se convirti\u00f3 en los m\u00e1s frecuentados de los visitantes.&lt;\/p&gt;\"\n                               data-id=\"5\">\n                                <img decoding=\"async\" src=\"\/\/img.youtube.com\/vi\/hWlcD2Zye_M\/mqdefault.jpg\"\n                                     alt=\"Tornado \u00a1Envu\u00e9lvete en su diversi\u00f3n!\"\/>\n                                <div class=\"play-icon http:\/\/youtube-icon\"><\/div>\n                            <\/a>\n                                                <\/div>\n                                            <div class=\"title-block_1\">\n                                                    Tornado \u00a1Envu\u00e9lvete en su diversi\u00f3n!                                                <\/div>\n                                    <\/div>\n                                <div data-id=\"6\"\n                     class=\"video-element_1 video-element\" tabindex=\"0\"\n                     data-symbol=\"Toboruedas \u00a1El mejor recorrido!\"\n                     data-category=\"alkaline-earth\">\n                    <div class=\"image-block_1\">\n                                                    <a class=\"vyoutube origincode_videogallery_item group1\"\n                               href=\"\/\/www.youtube.com\/embed\/jZiDAXMJ-rQ\"\n                               title=\"Toboruedas \u00a1El mejor recorrido!\"\n                               data-description=\"&lt;p&gt;Si algo distingue a Toboruedas sin duda es el recorrido lleno de naturaleza y \u00e1reas verdes, este toque le da al tobog\u00e1n una sensaci\u00f3n incre\u00edble. Tiene una altura de 15m y alcanza 20km\/h.&lt;\/p&gt;\"\n                               data-id=\"6\">\n                                <img decoding=\"async\" src=\"\/\/img.youtube.com\/vi\/jZiDAXMJ-rQ\/mqdefault.jpg\"\n                                     alt=\"Toboruedas \u00a1El mejor recorrido!\"\/>\n                                <div class=\"play-icon http:\/\/youtube-icon\"><\/div>\n                            <\/a>\n                                                <\/div>\n                                            <div class=\"title-block_1\">\n                                                    Toboruedas \u00a1El mejor recorrido!                                                <\/div>\n                                    <\/div>\n                                <div data-id=\"7\"\n                     class=\"video-element_1 video-element\" tabindex=\"0\"\n                     data-symbol=\"Hoyo Negro \u00a1El m\u00e1s misterioso!\"\n                     data-category=\"alkaline-earth\">\n                    <div class=\"image-block_1\">\n                                                    <a class=\"vyoutube origincode_videogallery_item group1\"\n                               href=\"\/\/www.youtube.com\/embed\/CSS1vcnvUUU\"\n                               title=\"Hoyo Negro \u00a1El m\u00e1s misterioso!\"\n                               data-description=\"&lt;p&gt;Su recorrido de 103m ser\u00e1 todo un misterio, pues no sabr\u00e1s por donde vas hasta que te encuentres con el splash de agua. Tiene una altura de 15m y alcanza una velocidad de 23km\/h.&lt;\/p&gt;\"\n                               data-id=\"7\">\n                                <img decoding=\"async\" src=\"\/\/img.youtube.com\/vi\/CSS1vcnvUUU\/mqdefault.jpg\"\n                                     alt=\"Hoyo Negro \u00a1El m\u00e1s misterioso!\"\/>\n                                <div class=\"play-icon http:\/\/youtube-icon\"><\/div>\n                            <\/a>\n                                                <\/div>\n                                            <div class=\"title-block_1\">\n                                                    Hoyo Negro \u00a1El m\u00e1s misterioso!                                                <\/div>\n                                    <\/div>\n                                <div data-id=\"10\"\n                     class=\"video-element_1 video-element\" tabindex=\"0\"\n                     data-symbol=\"Alberca de Olas \u00a1Olas y olas de diversi\u00f3n!\"\n                     data-category=\"alkaline-earth\">\n                    <div class=\"image-block_1\">\n                                                    <a class=\"vyoutube origincode_videogallery_item group1\"\n                               href=\"\/\/www.youtube.com\/embed\/tmS-YwL_cTo\"\n                               title=\"Alberca de Olas \u00a1Olas y olas de diversi\u00f3n!\"\n                               data-description=\"Nuestra Alberca de Olas es una de las atracciones m\u00e1s buscadas en el parque, la experiencia de estar dentro de ella es inigualable. \u00a1Tu tambi\u00e9n vive esta experiencia!\"\n                               data-id=\"10\">\n                                <img decoding=\"async\" src=\"\/\/img.youtube.com\/vi\/tmS-YwL_cTo\/mqdefault.jpg\"\n                                     alt=\"Alberca de Olas \u00a1Olas y olas de diversi\u00f3n!\"\/>\n                                <div class=\"play-icon http:\/\/youtube-icon\"><\/div>\n                            <\/a>\n                                                <\/div>\n                                            <div class=\"title-block_1\">\n                                                    Alberca de Olas \u00a1Olas y olas de diversi\u00f3n!                                                <\/div>\n                                    <\/div>\n                                <div data-id=\"8\"\n                     class=\"video-element_1 video-element\" tabindex=\"0\"\n                     data-symbol=\"Aquadomo Infantil \u00a1El m\u00e1s grande de Latinoam\u00e9rica!\"\n                     data-category=\"alkaline-earth\">\n                    <div class=\"image-block_1\">\n                                                    <a class=\"vyoutube origincode_videogallery_item group1\"\n                               href=\"\/\/www.youtube.com\/embed\/I7F5YgtnaOw\"\n                               title=\"Aquadomo Infantil \u00a1El m\u00e1s grande de Latinoam\u00e9rica!\"\n                               data-description=\"&lt;h6&gt;Contamos con el \u00e1rea infantil m\u00e1s grande de Latinoam\u00e9rica. Lleno de albercas, toboganes, diversi\u00f3n y muchas sorpresas m\u00e1s para los m\u00e1s peque\u00f1os. \u00a1La diversi\u00f3n en el Aquadomo nunca termina!&lt;\/p&gt;\"\n                               data-id=\"8\">\n                                <img decoding=\"async\" src=\"\/\/img.youtube.com\/vi\/I7F5YgtnaOw\/mqdefault.jpg\"\n                                     alt=\"Aquadomo Infantil \u00a1El m\u00e1s grande de Latinoam\u00e9rica!\"\/>\n                                <div class=\"play-icon http:\/\/youtube-icon\"><\/div>\n                            <\/a>\n                                                <\/div>\n                                            <div class=\"title-block_1\">\n                                                    Aquadomo Infantil \u00a1El m\u00e1s grande de Latinoam\u00e9rica!                                                <\/div>\n                                    <\/div>\n                                <div data-id=\"9\"\n                     class=\"video-element_1 video-element\" tabindex=\"0\"\n                     data-symbol=\"Lago con Lanchas \u00a1Incre\u00edble!\"\n                     data-category=\"alkaline-earth\">\n                    <div class=\"image-block_1\">\n                                                    <a class=\"vyoutube origincode_videogallery_item group1\"\n                               href=\"\/\/www.youtube.com\/embed\/hG62F7igVtc\"\n                               title=\"Lago con Lanchas \u00a1Incre\u00edble!\"\n                               data-description=\"Tepetongo cuenta con una gran variedad de \u00e1reas verdes y lugares preciosos donde puedes estar en contacto con la naturaleza. El Lago con Lanchas es sin duda uno de los lugares m\u00e1s especiales y hermosos.\"\n                               data-id=\"9\">\n                                <img decoding=\"async\" src=\"\/\/img.youtube.com\/vi\/hG62F7igVtc\/mqdefault.jpg\"\n                                     alt=\"Lago con Lanchas \u00a1Incre\u00edble!\"\/>\n                                <div class=\"play-icon http:\/\/youtube-icon\"><\/div>\n                            <\/a>\n                                                <\/div>\n                                            <div class=\"title-block_1\">\n                                                    Lago con Lanchas \u00a1Incre\u00edble!                                                <\/div>\n                                    <\/div>\n                        <\/div>\n    <\/div>\n\n    <\/section>\n<style>\n\n.video-element_1 {\n    width: 100%;\n    max-width:275px;\n    margin:0 0 10px 0;\n    border:0px solid #EEEEEE;\n    border-radius:3px;\n    outline:none;\n    overflow:hidden;\n    box-sizing: content-box;\n}\n\n.video-element_1 .image-block_1 {\n    position:relative;\n    width: 100%;\n    max-width:275px;\n}\n\n.video-element_1 .image-block_1 a {display:block;box-shadow: none !important;}\n\n.video-element_1 .image-block_1 img {\n    width:275px !important;\n    height:auto;\n    display:block;\n    border-radius: 0 !important;\n    box-shadow: 0 0 0 rgba(0, 0, 0, 0) !important;\n}\n\n.video-element_1 .image-block_1 img:hover {\n    cursor: -webkit-zoom-in; cursor: -moz-zoom-in;\n}\n\n.video-element_1 .image-block_1 .play-icon {\n    position:absolute;\n    top:0;\n    left:0;\n    width:100%;\n    height:100%;\n    cursor: -webkit-zoom-in;\n    cursor: -moz-zoom-in;\n}\n\n.video-element_1 .image-block_1  .play-icon.youtube-icon {background:url(https:\/\/tepetongo.com.mx\/venta-de-boletos-tepetongo\/wp-content\/plugins\/smart-grid-gallery\/assets\/images\/admin_images\/play.youtube.png) center center no-repeat;}\n\n.video-element_1 .image-block_1  .play-icon.vimeo-icon {background:url(https:\/\/tepetongo.com.mx\/venta-de-boletos-tepetongo\/wp-content\/plugins\/smart-grid-gallery\/assets\/images\/admin_images\/play.vimeo.png) center center no-repeat;}\n\n\n.video-element_1 .title-block_1 {\n    position:absolute;\n    text-overflow: ellipsis;\n    overflow: hidden;\n    left:0;\n    width:100%;\n    height:30px;\n    bottom:-35px;\n    color:#C02121;\n    background: rgba(0,0,0,0.8)  !important;\n    -webkit-transition: bottom 0.3s ease-out 0.1s;\n    -moz-transition: bottom 0.3s ease-out 0.1s;\n    -o-transition: bottom 0.3s ease-out 0.1s;\n    transition: bottom 0.3s ease-out 0.1s;\n}\n.entry-content a{\n    border-bottom: 0;\n}\n.video-element_1:hover .title-block_1 {bottom:0;}\n\n.video-element_1 .title-block_1 a, .video-element_1 .title-block_1 a:link, .video-element_1 .title-block_1 a:visited {\n    position:relative;\n    margin:0;\n    padding:0 1% 0 2%;\n    width:97%;\n    text-decoration:none;\n    text-overflow: ellipsis;\n    overflow: hidden;\n    white-space:nowrap;\n    z-index:20;\n    font-size: 16px;\n    color:#C02121;\n    font-weight:normal;\n    box-shadow: none !important;\n}\n\n.video-element_1 .title-block_1 a:hover, .video-element_1 .title-block_1 a:focus, .video-element_1 .title-block_1 a:active {\n    color:#FF2C2C;\n    text-decoration:none;\n}\n\n.load_more4 {\n    margin: 10px 0;\n    position:relative;\n    text-align:center;\n    width:100%;\n}\n\n.load_more_button4 {\n    border-radius: 10px;\n    display:inline-block;\n    padding:5px 15px;\n    font-size:16px !important;;\n    color:#FF0D0D !important;;\n    background:#5CADFF !important;\n    cursor:pointer;\n\n}\n.load_more_button4:hover{\n    color:#FF4040 !important;\n    background:#99C5FF !important;\n}\n\n.loading4 {\n    display:none;\n}\n.paginate4{\n    font-size:19px !important;\n    color:#FF2C2C !important;\n    text-align: center;\n    margin-top: 25px;\n}\n.paginate4 a{\n    border-bottom: none !important;\n    box-shadow: none !important;\n}\n.icon-style4{\n    font-size: 21px !important;\n    color:#B82020 !important;\n}\n.clear{\n    clear:both;\n}\n<\/style>\n\n\n\n<p><\/p>\n","protected":false},"excerpt":{"rendered":"","protected":false},"author":1039,"featured_media":0,"parent":0,"menu_order":0,"comment_status":"closed","ping_status":"closed","template":"template-fullwidth.php","meta":{"inline_featured_image":false,"footnotes":""},"class_list":["post-54737","page","type-page","status-publish","hentry"],"_links":{"self":[{"href":"https:\/\/tepetongo.com.mx\/venta-de-boletos-tepetongo\/wp-json\/wp\/v2\/pages\/54737","targetHints":{"allow":["GET"]}}],"collection":[{"href":"https:\/\/tepetongo.com.mx\/venta-de-boletos-tepetongo\/wp-json\/wp\/v2\/pages"}],"about":[{"href":"https:\/\/tepetongo.com.mx\/venta-de-boletos-tepetongo\/wp-json\/wp\/v2\/types\/page"}],"author":[{"embeddable":true,"href":"https:\/\/tepetongo.com.mx\/venta-de-boletos-tepetongo\/wp-json\/wp\/v2\/users\/1039"}],"replies":[{"embeddable":true,"href":"https:\/\/tepetongo.com.mx\/venta-de-boletos-tepetongo\/wp-json\/wp\/v2\/comments?post=54737"}],"version-history":[{"count":0,"href":"https:\/\/tepetongo.com.mx\/venta-de-boletos-tepetongo\/wp-json\/wp\/v2\/pages\/54737\/revisions"}],"wp:attachment":[{"href":"https:\/\/tepetongo.com.mx\/venta-de-boletos-tepetongo\/wp-json\/wp\/v2\/media?parent=54737"}],"curies":[{"name":"wp","href":"https:\/\/api.w.org\/{rel}","templated":true}]}}