{"id":101290,"date":"2024-04-10T13:18:17","date_gmt":"2024-04-10T19:18:17","guid":{"rendered":"https:\/\/tepetongo.com.mx\/venta-de-boletos-tepetongo\/?post_type=product&#038;p=101290"},"modified":"2026-04-10T16:28:15","modified_gmt":"2026-04-10T22:28:15","slug":"0-3-convencion-de-traviesos-2024","status":"publish","type":"product","link":"https:\/\/tepetongo.com.mx\/venta-de-boletos-tepetongo\/producto\/0-3-convencion-de-traviesos-2024\/","title":{"rendered":"Convenci\u00f3n de Traviesos 2026"},"content":{"rendered":"<h5><strong><span style=\"color: #ff0000;\">ENTRADA A CONVENCI\u00d3N DE TRAVIESOS\u00a0 INCLUYE: <span style=\"color: #000000;\">+ de 25 Toboganes<\/span><\/span>, 1 alberca de olas, 12 albercas, AQUADOMO + grande de latinoam\u00e9rica, \u00e1reas verdes, zona de acampar, cancha de volley ball, asadores, un hermoso lago y mucho m\u00e1s&#8230;\u00a0 <span style=\"color: #ff0000;\">NUEVAS ATRACCIONES:<\/span> Tornado, Snake Racer, Kamikase, Stuka, camilanchas, velociraptor, etc.<\/strong><\/h5>\n<h4><strong>\u00a1TENDREMOS INCREIBLES <span style=\"color: #ff0000;\">SORPRESAS<\/span> <span style=\"color: #0000ff;\">PARA TI<\/span>!<\/strong><\/h4>\n<h4><span style=\"color: #ff0000;\"><b style=\"color: #ff0000;\">\u00a1Es importante <\/b><b>presentar<\/b><b style=\"color: #ff0000;\"> el correo impreso en la entrada del parque!<\/b><\/span><\/h4>\n<h4><span style=\"color: #99cc00;\"><strong><span style=\"color: #0000ff;\">Boletos v\u00e1lidos s\u00f3lo para la fecha espec\u00edfica que elijas para visitarnos. &#8211; <span style=\"color: #ff0000;\">NO HAY CAMBIOS NI DEVOLUCIONES\u00a0<\/span><\/span><\/strong><\/span><\/h4>\n<h5><span style=\"color: #99cc00;\"><strong>Ubicaci\u00f3n:<\/strong><\/span><\/h5>\n<h4>A 1.30 mins. de Santa Fe,\u00a0 CDMX y a 1.45 mins. de Edo. de M\u00e9xico<\/h4>\n<h5><span style=\"color: #99cc00;\"><strong>Como llegar &#8211; Liga con google Maps:<\/strong><\/span><\/h5>\n<p><a href=\"https:\/\/goo.gl\/maps\/YUZBpWa19vFtSQvJ7\">https:\/\/goo.gl\/maps\/YUZBpWa19vFtSQvJ7<\/a><\/p>\n<p><span style=\"color: #99cc00;\"><strong>TOMA EN CUENTA:\u00a0<\/strong><\/span><\/p>\n<p><span style=\"color: #ff0000;\">Pago con tarjeta de cr\u00e9dito o d\u00e9bito:<\/span>\u00a0 Se refleja inmediatamente en nuestro sistema. &#8211; Imprimir correo y presentarlo en taquilla.<\/p>\n<p><span style=\"color: #ff0000;\">Pago en efectivo en OXXO:<\/span>\u00a0\u00a0Debes presentar el\u00a0<span style=\"color: #ff0000;\"><strong>ticket de pago original y correo impreso<\/strong><\/span>\u00a0en las taquillas del parque, de no presentarlo, no podr\u00e1s ingresar a las instalaciones.<\/p>\n<p><strong>Tel\u00e9fono:\u00a0 \u00a0555211 48 20 | 5564548422 | 800 590 9000<\/strong><\/p>\n<p><strong><span style=\"color: #99cc00;\">Dentro de PARQUE ACUATICO TEPETONGO hay Restaurantes, taquer\u00eda e islas de comida. Puedes Ingresar con alimentos y bebidas pero no esta permitido CRISTAL.<\/span><\/strong><\/p>\n<p>&nbsp;<\/p>\n","protected":false},"excerpt":{"rendered":"<p><span style=\"color: #ff0000;\"><strong>PROMOCION VALIDA DEL<span style=\"color: #0000ff;\"> 29 DE ABRIL<\/span> AL<span style=\"color: #0000ff;\"> 3 DE MAYO<\/span> DEL 2026<\/strong><\/span><\/p>\n<p><span style=\"color: #99cc00;\"><strong>HORARIO: LUNES A DOMINGO DE 9:00 A.M. A 6.00 P.M.<\/strong><\/span><\/p>\n<p><span style=\"color: #ff0000;\"><strong><span style=\"color: #0000ff;\">FORMAS DE PAGO:\u00a0TARJETA DE CR\u00c9DITO O D\u00c9BITO O PUEDE SELECCIONAR <\/span><\/strong><\/span><strong><span style=\"color: #ff0000;\">EFECTIVO OXXO<\/span> <\/strong>o tiendas de conveniencia<span style=\"color: #ff0000;\"><strong><span style=\"color: #0000ff;\">. Guardar su ticket de pago e imprimir su correo.\u00a0<\/span><\/strong><\/span><\/p>\n<ul>\n<li><strong>Si quiere <span style=\"color: #99cc00;\">ayuda<\/span> con su pedido llamar al <span style=\"color: #99cc00;\">\u00a0<span style=\"color: #ff0000;\"><span style=\"color: #0000ff;\">5564548422 | 5552114820<\/span><\/span><\/span><\/strong><\/li>\n<\/ul>\n<p><strong><span style=\"color: #ff0000;\">Ni\u00f1os menores de 90 cm. NO PAGAN.<\/span> \u00a1Compra tus boletos ya!<\/strong> \u00a0<strong>Es + <span style=\"color: #ff0000;\">econ\u00f3mico en l\u00ednea y ahorras FILAS.<\/span><\/strong><\/p>\n","protected":false},"featured_media":136043,"template":"","meta":{"inline_featured_image":false},"product_brand":[],"product_cat":[27],"product_tag":[],"class_list":{"0":"post-101290","1":"product","2":"type-product","3":"status-publish","4":"has-post-thumbnail","6":"product_cat-entrada-general","8":"first","9":"instock","10":"virtual","11":"sold-individually","12":"purchasable","13":"product-type-booking"},"booking_location":"","booking_location_type":"","booking_duration":1,"booking_duration_unit":"day","booking_buffer":0,"booking_cost":0,"booking_resources":[],"_links":{"self":[{"href":"https:\/\/tepetongo.com.mx\/venta-de-boletos-tepetongo\/wp-json\/wp\/v2\/product\/101290","targetHints":{"allow":["GET"]}}],"collection":[{"href":"https:\/\/tepetongo.com.mx\/venta-de-boletos-tepetongo\/wp-json\/wp\/v2\/product"}],"about":[{"href":"https:\/\/tepetongo.com.mx\/venta-de-boletos-tepetongo\/wp-json\/wp\/v2\/types\/product"}],"wp:featuredmedia":[{"embeddable":true,"href":"https:\/\/tepetongo.com.mx\/venta-de-boletos-tepetongo\/wp-json\/wp\/v2\/media\/136043"}],"wp:attachment":[{"href":"https:\/\/tepetongo.com.mx\/venta-de-boletos-tepetongo\/wp-json\/wp\/v2\/media?parent=101290"}],"wp:term":[{"taxonomy":"product_brand","embeddable":true,"href":"https:\/\/tepetongo.com.mx\/venta-de-boletos-tepetongo\/wp-json\/wp\/v2\/product_brand?post=101290"},{"taxonomy":"product_cat","embeddable":true,"href":"https:\/\/tepetongo.com.mx\/venta-de-boletos-tepetongo\/wp-json\/wp\/v2\/product_cat?post=101290"},{"taxonomy":"product_tag","embeddable":true,"href":"https:\/\/tepetongo.com.mx\/venta-de-boletos-tepetongo\/wp-json\/wp\/v2\/product_tag?post=101290"}],"curies":[{"name":"wp","href":"https:\/\/api.w.org\/{rel}","templated":true}]}}