{"id":65889,"date":"2022-03-15T15:40:11","date_gmt":"2022-03-15T21:40:11","guid":{"rendered":"https:\/\/tepetongo.com.mx\/venta-de-boletos-tepetongo\/?post_type=product&#038;p=65889"},"modified":"2026-01-13T19:31:24","modified_gmt":"2026-01-14T01:31:24","slug":"0-6-amigo-vecino-copia","status":"publish","type":"product","link":"https:\/\/tepetongo.com.mx\/venta-de-boletos-tepetongo\/producto\/0-6-amigo-vecino-copia\/","title":{"rendered":"0.3 Amigo vecino"},"content":{"rendered":"<p>Incluye<\/p>\n<ul>\n<li>Entrada al Parque Acu\u00e1tico Tepetongo<\/li>\n<\/ul>\n<p><img decoding=\"async\" class=\"wp-image-1368 alignleft\" src=\"https:\/\/tepetongo.com.mx\/venta-de-boletos-tepetongo\/wp-content\/uploads\/2018\/06\/WhatsApp_Logo_-150x150.png\" alt=\"\" width=\"61\" height=\"61\" srcset=\"https:\/\/tepetongo.com.mx\/venta-de-boletos-tepetongo\/wp-content\/uploads\/2018\/06\/WhatsApp_Logo_-150x150.png 150w, https:\/\/tepetongo.com.mx\/venta-de-boletos-tepetongo\/wp-content\/uploads\/2018\/06\/WhatsApp_Logo_-324x324.png 324w, https:\/\/tepetongo.com.mx\/venta-de-boletos-tepetongo\/wp-content\/uploads\/2018\/06\/WhatsApp_Logo_-100x100.png 100w\" sizes=\"(max-width: 61px) 100vw, 61px\" \/><\/p>\n<p><a href=\"https:\/\/tepetongo.com.mx\/venta-de-boletos-tepetongo\/producto\/0-1-entrada-general-promocion-de-temporada-octubre-2022-2\/#\">55 52114820<\/a>\u00a0\u00a0 Horario de\u00a0 informaci\u00f3n 9:00 a 18:00 hrs<\/p>\n<p>&nbsp;<\/p>\n<p>&nbsp;<\/p>\n<p>\u00a1MUY IMPORTANTE!<\/p>\n<h4><span style=\"color: #ff0000;\">COMPRA S\u00d3LO EN TAQUILLA<\/span><\/h4>\n","protected":false},"excerpt":{"rendered":"<p>Si vives a menos de 70 km. Del Parque Acu\u00e1tico Tepetongo, esto es para t\u00ed.Los municipios que entran en la promoci\u00f3n son:<br \/>\nAcambay, Aporo, Amealco, Acambaro, Aculco, Ciudad Hidalgo, Coroneo, Atlacomulco, Contepec, Tarandacuao, El Oro, Epitacio Huerta, Ixtlahuaca, Irimbo, Jilotepec, Maravatio, Jocotitl\u00e1n, Senguio,<br \/>\nPolotitl\u00e1n,Tlalpujahua, San Bartolo Morelos, Tuxpan,San Felipe del Progreso, San Jos\u00e9 del Rinc\u00f3n, Soyaniquilpan, Temascalcingo y Timilpan<br \/>\n<strong><span style=\"color: #ff0000;\">\u00a1Muy Importante!<\/span><\/strong><br \/>\n<strong><span style=\"color: #ff0000;\">V\u00e1lido \u00fanicamente presentando INE y copia con direcci\u00f3n en la taquilla del parque.<\/span><\/strong><br \/>\n<strong><span style=\"color: #ff0000;\">Por cada compra de boleto el visitante de la zona tiene derecho a invitar hasta 3 personas m\u00e1s bajo la cuota de amigo vecino.<\/span><\/strong><br \/>\nAlbercas, Toboganes, cancha de volley ball, asadores, restaurantes, tienda de souvenirs y mucho m\u00e1s&#8230;<br \/>\nCompra sola en taquilla.<\/p>\n<p><img decoding=\"async\" class=\"alignnone wp-image-1368\" src=\"https:\/\/tepetongo.com.mx\/venta-de-boletos-tepetongo\/wp-content\/uploads\/2018\/06\/WhatsApp_Logo_-150x150.png\" alt=\"\" width=\"40\" height=\"40\" srcset=\"https:\/\/tepetongo.com.mx\/venta-de-boletos-tepetongo\/wp-content\/uploads\/2018\/06\/WhatsApp_Logo_-150x150.png 150w, https:\/\/tepetongo.com.mx\/venta-de-boletos-tepetongo\/wp-content\/uploads\/2018\/06\/WhatsApp_Logo_-324x324.png 324w, https:\/\/tepetongo.com.mx\/venta-de-boletos-tepetongo\/wp-content\/uploads\/2018\/06\/WhatsApp_Logo_-100x100.png 100w\" sizes=\"(max-width: 40px) 100vw, 40px\" \/><\/p>\n<p><a href=\"https:\/\/tepetongo.com.mx\/venta-de-boletos-tepetongo\/producto\/0-1-entrada-general-promocion-de-temporada-octubre-2022-2\/#\">55 52114820<\/a><\/p>\n<p>Horario de informaci\u00f3n 9:00 a 18:00 hrs<\/p>\n<p><strong>|\u00a0Toluca 7222904544<\/strong><\/p>\n","protected":false},"featured_media":126338,"template":"","meta":{"inline_featured_image":false},"product_brand":[],"product_cat":[27],"product_tag":[],"class_list":{"0":"post-65889","1":"product","2":"type-product","3":"status-publish","4":"has-post-thumbnail","6":"product_cat-entrada-general","8":"first","9":"instock","10":"shipping-taxable","11":"product-type-grouped"},"booking_location":null,"booking_location_type":null,"booking_duration":null,"booking_duration_unit":null,"booking_buffer":null,"booking_cost":null,"booking_resources":null,"_links":{"self":[{"href":"https:\/\/tepetongo.com.mx\/venta-de-boletos-tepetongo\/wp-json\/wp\/v2\/product\/65889","targetHints":{"allow":["GET"]}}],"collection":[{"href":"https:\/\/tepetongo.com.mx\/venta-de-boletos-tepetongo\/wp-json\/wp\/v2\/product"}],"about":[{"href":"https:\/\/tepetongo.com.mx\/venta-de-boletos-tepetongo\/wp-json\/wp\/v2\/types\/product"}],"wp:featuredmedia":[{"embeddable":true,"href":"https:\/\/tepetongo.com.mx\/venta-de-boletos-tepetongo\/wp-json\/wp\/v2\/media\/126338"}],"wp:attachment":[{"href":"https:\/\/tepetongo.com.mx\/venta-de-boletos-tepetongo\/wp-json\/wp\/v2\/media?parent=65889"}],"wp:term":[{"taxonomy":"product_brand","embeddable":true,"href":"https:\/\/tepetongo.com.mx\/venta-de-boletos-tepetongo\/wp-json\/wp\/v2\/product_brand?post=65889"},{"taxonomy":"product_cat","embeddable":true,"href":"https:\/\/tepetongo.com.mx\/venta-de-boletos-tepetongo\/wp-json\/wp\/v2\/product_cat?post=65889"},{"taxonomy":"product_tag","embeddable":true,"href":"https:\/\/tepetongo.com.mx\/venta-de-boletos-tepetongo\/wp-json\/wp\/v2\/product_tag?post=65889"}],"curies":[{"name":"wp","href":"https:\/\/api.w.org\/{rel}","templated":true}]}}