{"id":80150,"date":"2022-12-06T12:41:37","date_gmt":"2022-12-06T18:41:37","guid":{"rendered":"https:\/\/tepetongo.com.mx\/venta-de-boletos-tepetongo\/?post_type=product&#038;p=80150"},"modified":"2026-04-10T18:27:05","modified_gmt":"2026-04-11T00:27:05","slug":"1-2-patriotismo-cdmx-tepetongo-mundo-granjero-zoo-comida","status":"publish","type":"product","link":"https:\/\/tepetongo.com.mx\/venta-de-boletos-tepetongo\/producto\/1-2-patriotismo-cdmx-tepetongo-mundo-granjero-zoo-comida\/","title":{"rendered":"1.2 PATRIOTISMO CDMX + TEPETONGO + MUNDO GRANJERO + COMIDA"},"content":{"rendered":"<p><span style=\"color: #99cc00;\"><strong>**EL REGRESO DEL PARQUE ACU\u00c1TICO TEPETONGO ES A LAS 18:00 HRS EN PUNTO<\/strong><\/span><\/p>\n<p><span style=\"color: #99cc00;\"><strong>**NO SE PERMITE EL ABORDAJE A PERSONAS EN ESTADO INCONVENIENTE POR SEGURIDAD DE TODOS\u00a0<\/strong><\/span><\/p>\n<p><strong>***************************************************************************************************<\/strong><\/p>\n<h4><span style=\"color: #0000ff;\"><strong>+ DE 25 TOBOGANES, 10 ALBERCAS, 1 ALBERCA DE OLAS, AQUADOMO + GRANDE DE LATINOAMERICA, ASADORES, CANCHA DE VOLLEY BALL, JARDINES PARA ACAMPAR.<\/strong><\/span><\/h4>\n<h4><span style=\"color: #ff0000;\"><strong>NUEVAS ATRACCIONES:<\/strong><\/span><\/h4>\n<h4><span style=\"color: #ff0000;\"><strong>Vortex, Tornado, Snake Racer, Kamikase, Stuka, camilanchas, velociraptor, etc.<\/strong><\/span><\/h4>\n","protected":false},"excerpt":{"rendered":"<p><strong><span style=\"color: #ff0000;\">CDMX<\/span><span style=\"color: #ff0000;\"> &#8211; PATRIOTISMO &#8211;<\/span> ENTRADA + TRANSPORTE VIAJE REDONDO + COMIDA &#8211; <span style=\"color: #0000ff;\">(INCLUYE SEGURO DE VIAJERO Y <span style=\"color: #99cc00;\">ENTRADA A MUNDO GRANJERO ZOO)\u00a0 \u00a1Compra tus boletos aqu\u00ed!\u00a0<\/span><\/span><\/strong><!--more--><\/p>\n<ul>\n<li><span style=\"color: #ff0000;\"><strong><span style=\"color: #0000ff;\">FORMAS DE PAGO: Es necesario realizar tu pago EN LINEA ANTES de tu salida.<\/span><\/strong><\/span><\/li>\n<li><span style=\"color: #ff0000;\"><strong><span style=\"color: #0000ff;\">TARJETA DE CR\u00c9DITO O D\u00c9BITO &#8211; El pago pasa de inmediato y le llega un correo de confirmaci\u00f3n para IMPRIMIR, ES INDISPENSABLE entregarlo al subir al autob\u00fas<\/span><\/strong><\/span><\/li>\n<li>Puede seleccionar <strong><span style=\"color: #ff0000;\">EFECTIVO OXXO<\/span> <\/strong>o <span style=\"color: #ff0000;\"><strong>tiendas de conveniencia<span style=\"color: #0000ff;\">. Guardar su ticket de pago e imprimir su correo.\u00a0<\/span><\/strong><\/span><br \/>\n<h5><span style=\"color: #0000ff;\"><strong><span class=\"selectable-text copyable-text false\">SU N\u00daMERO DE REFERENCIA LE LLEGA X EMAIL POR PARTE DE <span style=\"color: #ff0000;\">&#8220;FEMSA DIGITAL&#8221;<\/span> REVISAR CORREO NO DESEADO \u00d3 <\/span><\/strong><strong><span class=\"selectable-text copyable-text false\">SPAM.<\/span><\/strong><\/span><\/h5>\n<\/li>\n<li><span style=\"color: #ff0000;\"><strong><span style=\"color: #0000ff;\">Una vez PAGADO llamar 5564548422 | 5552114820\u00a0 para confirmar su compra y DISPONIBILIDAD.\u00a0<\/span><\/strong><\/span><\/li>\n<li><strong><span style=\"color: #ff0000;\">Si quiere ayuda con su pedido llamar al 5564548422 | 5552114820\u00a0<\/span><\/strong><\/li>\n<\/ul>\n<p><strong><span style=\"color: #ff0000;\">Ni\u00f1os menores de 90 cm. NO PAGAN.<\/span>\u00a0 Viajan en el asiento del acompa\u00f1ante. <\/strong><strong style=\"color: #0000ff;\">Medir a su ni\u00f1o antes de comprar sus boletos, ya que lo medir\u00e1n antes de subir.<\/strong><\/p>\n<ul>\n<li>\n<h4><strong><span style=\"color: #99cc00;\">El boleto es v\u00e1lido solo en la fecha de su salida elegida \u2013 No hay devoluciones ni cambios<\/span><\/strong><\/h4>\n<\/li>\n<\/ul>\n<p><strong><span style=\"color: #ff0000;\"><span style=\"color: #0000ff;\">SALIDA:\u00a0<\/span> \u00a0 \u00a0 \u00a0 07:00 a.m. presentarse 15 minutos antes<\/span>. <span style=\"color: #99cc00;\">\u00a1NO HAY TOLERANCIA EN LA HORA DE SALIDA<\/span>, LAS UNIDADES NO ESPERAN!!<\/strong><\/p>\n<p><span style=\"color: #ff0000;\"><strong><span style=\"color: #0000ff;\">Ubicaci\u00f3n:<\/span>\u00a0 <\/strong><\/span><strong>Metro Patriotismo <\/strong><strong>Direcci\u00f3n<\/strong><strong> Tacubaya (enfrente de el puesto de jugos y tortas)\u00a0 Eje 4 Sur CDMX<\/strong><\/p>\n<p><strong>Av. Benjam\u00edn Franklin No. 99, Colonia Condesa, Cuauht\u00e9moc, 06170 Ciudad de M\u00e9xico, CDMX<\/strong><\/p>\n<p><span style=\"color: #ff0000;\"><b><span style=\"color: #0000ff;\">Liga con Google\u00a0Maps del punto de SALIDA<\/span>:<\/b><\/span><\/p>\n<p><a href=\"https:\/\/goo.gl\/maps\/w961L86GGfx97mRt7\">https:\/\/goo.gl\/maps\/w961L86GGfx97mRt7<\/a><\/p>\n<p><img fetchpriority=\"high\" decoding=\"async\" class=\"alignnone wp-image-68404\" src=\"https:\/\/tepetongo.com.mx\/venta-de-boletos-tepetongo\/wp-content\/uploads\/2022\/03\/patriotismo-1-1-300x133.jpg\" alt=\"\" width=\"557\" height=\"247\" srcset=\"https:\/\/tepetongo.com.mx\/venta-de-boletos-tepetongo\/wp-content\/uploads\/2022\/03\/patriotismo-1-1-300x133.jpg 300w, https:\/\/tepetongo.com.mx\/venta-de-boletos-tepetongo\/wp-content\/uploads\/2022\/03\/patriotismo-1-1-1024x454.jpg 1024w, https:\/\/tepetongo.com.mx\/venta-de-boletos-tepetongo\/wp-content\/uploads\/2022\/03\/patriotismo-1-1-768x340.jpg 768w, https:\/\/tepetongo.com.mx\/venta-de-boletos-tepetongo\/wp-content\/uploads\/2022\/03\/patriotismo-1-1-416x184.jpg 416w, https:\/\/tepetongo.com.mx\/venta-de-boletos-tepetongo\/wp-content\/uploads\/2022\/03\/patriotismo-1-1.jpg 1196w\" sizes=\"(max-width: 557px) 100vw, 557px\" \/><\/p>\n<p><span style=\"color: #99cc00;\"><strong>**EL REGRESO DEL PARQUE ACU\u00c1TICO TEPETONGO ES A LAS 18:00 HRS EN PUNTO<\/strong><\/span><\/p>\n<p><strong><span style=\"color: #99cc00;\">**NO SE PERMITE EL ABORDAJE A PERSONAS EN ESTADO INCONVENIENTE POR SEGURIDAD DE TODOS\u00a0<\/span><\/strong><\/p>\n","protected":false},"featured_media":107686,"template":"","meta":{"inline_featured_image":false},"product_brand":[],"product_cat":[28],"product_tag":[],"class_list":{"0":"post-80150","1":"product","2":"type-product","3":"status-publish","4":"has-post-thumbnail","6":"product_cat-salidas-con-transporte","8":"first","9":"instock","10":"virtual","11":"sold-individually","12":"purchasable","13":"product-type-booking"},"booking_location":"","booking_location_type":"","booking_duration":1,"booking_duration_unit":"day","booking_buffer":0,"booking_cost":0,"booking_resources":[],"_links":{"self":[{"href":"https:\/\/tepetongo.com.mx\/venta-de-boletos-tepetongo\/wp-json\/wp\/v2\/product\/80150","targetHints":{"allow":["GET"]}}],"collection":[{"href":"https:\/\/tepetongo.com.mx\/venta-de-boletos-tepetongo\/wp-json\/wp\/v2\/product"}],"about":[{"href":"https:\/\/tepetongo.com.mx\/venta-de-boletos-tepetongo\/wp-json\/wp\/v2\/types\/product"}],"wp:featuredmedia":[{"embeddable":true,"href":"https:\/\/tepetongo.com.mx\/venta-de-boletos-tepetongo\/wp-json\/wp\/v2\/media\/107686"}],"wp:attachment":[{"href":"https:\/\/tepetongo.com.mx\/venta-de-boletos-tepetongo\/wp-json\/wp\/v2\/media?parent=80150"}],"wp:term":[{"taxonomy":"product_brand","embeddable":true,"href":"https:\/\/tepetongo.com.mx\/venta-de-boletos-tepetongo\/wp-json\/wp\/v2\/product_brand?post=80150"},{"taxonomy":"product_cat","embeddable":true,"href":"https:\/\/tepetongo.com.mx\/venta-de-boletos-tepetongo\/wp-json\/wp\/v2\/product_cat?post=80150"},{"taxonomy":"product_tag","embeddable":true,"href":"https:\/\/tepetongo.com.mx\/venta-de-boletos-tepetongo\/wp-json\/wp\/v2\/product_tag?post=80150"}],"curies":[{"name":"wp","href":"https:\/\/api.w.org\/{rel}","templated":true}]}}