{"id":80185,"date":"2022-12-08T16:00:21","date_gmt":"2022-12-08T22:00:21","guid":{"rendered":"https:\/\/tepetongo.com.mx\/venta-de-boletos-tepetongo\/?post_type=product&#038;p=80185"},"modified":"2026-04-10T18:25:57","modified_gmt":"2026-04-11T00:25:57","slug":"2-2-rojo-gomez-tepetongo-mundo-granjero-zoo-comida","status":"publish","type":"product","link":"https:\/\/tepetongo.com.mx\/venta-de-boletos-tepetongo\/producto\/2-2-rojo-gomez-tepetongo-mundo-granjero-zoo-comida\/","title":{"rendered":"2.2 ROJO G\u00d3MEZ + TEPETONGO | MUNDO GRANJERO + COMIDA"},"content":{"rendered":"<p><span style=\"color: #99cc00;\"><strong>**EL REGRESO DEL PARQUE ACU\u00c1TICO TEPETONGO ES A LAS 18:00 HRS EN PUNTO<\/strong><\/span><\/p>\n<p><strong><span style=\"color: #99cc00;\">**NO SE PERMITE EL ABORDAJE A PERSONAS EN ESTADO INCONVENIENTE POR SEGURIDAD DE TODOS\u00a0<\/span><\/strong><\/p>\n<p><strong>***************************************************************************************************<\/strong><\/p>\n<p><strong><span style=\"color: #ff0000;\"><span style=\"color: #000000;\"><span style=\"color: #0000ff;\">ATRACCIONES:<\/span> <\/span><\/span><\/strong><\/p>\n<p><strong><span style=\"color: #ff0000;\"><span style=\"color: #000000;\">+ de 25 Toboganes<\/span><\/span>, 1 alberca de olas, 12 albercas, AQUADOMO + grande de latinoam\u00e9rica, \u00e1reas verdes, zona de acampar, cancha de volley ball, asadores gratuitos, un hermoso lago y mucho m\u00e1s&#8230;\u00a0 <\/strong><\/p>\n<p><strong><span style=\"color: #ff0000;\">NUEVAS ATRACCIONES:<\/span> Tornado, Snake Racer, Kamikase, Stuka, camilanchas, velociraptor, etc.<\/strong><\/p>\n","protected":false},"excerpt":{"rendered":"<p><strong><span style=\"color: #ff0000;\">CDMX &#8211; ROJO G\u00d3MEZ\u00a0&#8211;\u00a0<\/span> ENTRADA + TRANSPORTE VIAJE REDONDO + COMIDA <span style=\"color: #0000ff;\">(INCLUYE SEGURO DE VIAJERO Y <span style=\"color: #99cc00;\">ENTRADA A MUNDO GRANJERO ZOO)\u00a0 \u00a1Compra tus boletos aqu\u00ed!\u00a0<\/span><\/span><\/strong><\/p>\n<ul>\n<li><span style=\"color: #ff0000;\"><strong><span style=\"color: #0000ff;\">Es necesario realizar tu pago EN L\u00cdNEA ANTES de tu salida.<\/span><\/strong><\/span><\/li>\n<li><span style=\"color: #ff0000;\"><strong><span style=\"color: #0000ff;\">FORMAS DE PAGO: TARJETA DE CR\u00c9DITO O D\u00c9BITO &#8211; El CARGO ES A NOMBRE DE MUNDO GRANJERO llega un <span style=\"color: #ff0000;\">correo de confirmaci\u00f3n para IMPRIMIR, ES INDISPENSABLE entregarla al subir al autob\u00fas<\/span><\/span><\/strong><\/span><\/li>\n<li><strong><span style=\"color: #ff0000;\">EFECTIVO OXXO<\/span> <\/strong>o <span style=\"color: #ff0000;\"><strong>tiendas de conveniencia<\/strong><strong><span style=\"color: #0000ff;\">. El correo puede llegar a no deseado o SPAM a nombre de <span style=\"color: #ff0000;\">FEMSA DIGITAL.\u00a0<\/span><\/span><\/strong><\/span><span style=\"color: #ff0000;\"><strong><span style=\"color: #0000ff;\">Guardar su ticket de pago e imprimir su correo. <\/span><\/strong><\/span><\/li>\n<li><span style=\"color: #ff0000;\"><strong><span style=\"color: #0000ff;\">Una vez PAGADO llamar 5564548422 | 5552114820 para confirmar su compra y DISPONIBILIDAD.\u00a0<\/span><\/strong><\/span><\/li>\n<li><strong><span style=\"color: #ff0000;\">Si quiere ayuda con su pedido llamar al 5552114820<\/span><\/strong><\/li>\n<\/ul>\n<p><strong><span style=\"color: #ff0000;\">Ni\u00f1os menores de 90 cm. NO PAGAN.<\/span>\u00a0 Viajan en el asiento del acompa\u00f1ante. <\/strong><strong style=\"color: #0000ff;\">Medir a su ni\u00f1o antes de comprar sus boletos,\u00a0 ya que lo medir\u00e1n antes de subir.<\/strong><\/p>\n<ul>\n<li>\n<h4><strong><span style=\"color: #99cc00;\">El boleto es v\u00e1lido solo en la fecha de su salida elegida \u2013 No hay devoluciones ni cambios<\/span><\/strong><\/h4>\n<\/li>\n<\/ul>\n<p><strong><span style=\"color: #ff0000;\"><span style=\"color: #0000ff;\">SALIDA:\u00a0<\/span> \u00a0 \u00a0 \u00a0 06:30 a.m. presentarse 15 minutos antes<\/span>. <span style=\"color: #99cc00;\">\u00a1NO HAY TOLERANCIA EN LA HORA DE SALIDA<\/span>, LAS UNIDADES NO ESPERAN!!<\/strong><\/p>\n<p><span style=\"color: #ff0000;\"><strong><span style=\"color: #0000ff;\">Ubicaci\u00f3n:<\/span> \u00a0<\/strong><\/span><b>Av. Canal de Tezontle S\/N frente al Liverpool de plaza parque Tezontle. Punto de reuni\u00f3n WingsTop al lado de Honda.<\/b><\/p>\n<p><span style=\"color: #ff0000;\"><b>Liga con Google\u00a0Maps del punto de SALIDA:<\/b><\/span><\/p>\n<p><a href=\"https:\/\/goo.gl\/maps\/UHm9UKYcFB8s1GsM7\">https:\/\/goo.gl\/maps\/UHm9UKYcFB8s1GsM7<\/a><\/p>\n<p><img fetchpriority=\"high\" decoding=\"async\" class=\"alignnone wp-image-68410\" src=\"https:\/\/tepetongo.com.mx\/venta-de-boletos-tepetongo\/wp-content\/uploads\/2022\/03\/rojo_gomez-1-300x109.jpg\" alt=\"\" width=\"575\" height=\"209\" srcset=\"https:\/\/tepetongo.com.mx\/venta-de-boletos-tepetongo\/wp-content\/uploads\/2022\/03\/rojo_gomez-1-300x109.jpg 300w, https:\/\/tepetongo.com.mx\/venta-de-boletos-tepetongo\/wp-content\/uploads\/2022\/03\/rojo_gomez-1-1024x371.jpg 1024w, https:\/\/tepetongo.com.mx\/venta-de-boletos-tepetongo\/wp-content\/uploads\/2022\/03\/rojo_gomez-1-768x278.jpg 768w, https:\/\/tepetongo.com.mx\/venta-de-boletos-tepetongo\/wp-content\/uploads\/2022\/03\/rojo_gomez-1-416x151.jpg 416w, https:\/\/tepetongo.com.mx\/venta-de-boletos-tepetongo\/wp-content\/uploads\/2022\/03\/rojo_gomez-1.jpg 1320w\" sizes=\"(max-width: 575px) 100vw, 575px\" \/><\/p>\n<p><span style=\"color: #99cc00;\"><strong>**EL REGRESO DEL PARQUE ACU\u00c1TICO TEPETONGO ES A LAS 18:00 HRS EN PUNTO<\/strong><\/span><\/p>\n<p><strong><span style=\"color: #99cc00;\">**NO SE PERMITE EL ABORDAJE A PERSONAS EN ESTADO INCONVENIENTE POR SEGURIDAD DE TODOS\u00a0<\/span><\/strong><\/p>\n","protected":false},"featured_media":107687,"template":"","meta":{"inline_featured_image":false},"product_brand":[],"product_cat":[28],"product_tag":[],"class_list":{"0":"post-80185","1":"product","2":"type-product","3":"status-publish","4":"has-post-thumbnail","6":"product_cat-salidas-con-transporte","8":"first","9":"instock","10":"virtual","11":"sold-individually","12":"purchasable","13":"product-type-booking"},"booking_location":"","booking_location_type":"","booking_duration":1,"booking_duration_unit":"day","booking_buffer":0,"booking_cost":0,"booking_resources":[],"_links":{"self":[{"href":"https:\/\/tepetongo.com.mx\/venta-de-boletos-tepetongo\/wp-json\/wp\/v2\/product\/80185","targetHints":{"allow":["GET"]}}],"collection":[{"href":"https:\/\/tepetongo.com.mx\/venta-de-boletos-tepetongo\/wp-json\/wp\/v2\/product"}],"about":[{"href":"https:\/\/tepetongo.com.mx\/venta-de-boletos-tepetongo\/wp-json\/wp\/v2\/types\/product"}],"wp:featuredmedia":[{"embeddable":true,"href":"https:\/\/tepetongo.com.mx\/venta-de-boletos-tepetongo\/wp-json\/wp\/v2\/media\/107687"}],"wp:attachment":[{"href":"https:\/\/tepetongo.com.mx\/venta-de-boletos-tepetongo\/wp-json\/wp\/v2\/media?parent=80185"}],"wp:term":[{"taxonomy":"product_brand","embeddable":true,"href":"https:\/\/tepetongo.com.mx\/venta-de-boletos-tepetongo\/wp-json\/wp\/v2\/product_brand?post=80185"},{"taxonomy":"product_cat","embeddable":true,"href":"https:\/\/tepetongo.com.mx\/venta-de-boletos-tepetongo\/wp-json\/wp\/v2\/product_cat?post=80185"},{"taxonomy":"product_tag","embeddable":true,"href":"https:\/\/tepetongo.com.mx\/venta-de-boletos-tepetongo\/wp-json\/wp\/v2\/product_tag?post=80185"}],"curies":[{"name":"wp","href":"https:\/\/api.w.org\/{rel}","templated":true}]}}