{"id":80199,"date":"2022-12-09T09:10:21","date_gmt":"2022-12-09T15:10:21","guid":{"rendered":"https:\/\/tepetongo.com.mx\/venta-de-boletos-tepetongo\/?post_type=product&#038;p=80199"},"modified":"2026-04-24T12:20:05","modified_gmt":"2026-04-24T18:20:05","slug":"3-2-cuautitlan-tepetongo-mundo-granjero-zoo-comida","status":"publish","type":"product","link":"https:\/\/tepetongo.com.mx\/venta-de-boletos-tepetongo\/producto\/3-2-cuautitlan-tepetongo-mundo-granjero-zoo-comida\/","title":{"rendered":"3.2 CUAUTITL\u00c1N + TEPETONGO | MUNDO GRANJERO + COMIDA"},"content":{"rendered":"<p><strong><span style=\"color: #99cc00;\">**EL REGRESO DEL PARQUE ACU\u00c1TICO TEPETONGO ES A LAS 18:00 HRS EN PUNTO<\/span><\/strong><\/p>\n<p><span style=\"color: #99cc00;\"><strong>**NO SE PERMITE EL ABORDAJE A PERSONAS EN ESTADO INCONVENIENTE POR SEGURIDAD DE TODOS\u00a0<\/strong><\/span><\/p>\n<p><strong>***************************************************************************************************<\/strong><\/p>\n<p><span style=\"color: #ff0000;\"><strong>Si deseas que te ayudemos a realizar tu compra de boletos llama a: <span style=\"color: #0000ff;\">5564548422 | 5552114820 <span style=\"color: #99cc00;\">\u00a0<\/span><\/span><\/strong><\/span><\/p>\n<p><strong><span style=\"color: #0000ff;\">ATRACCIONES:<\/span> + de 25 Toboganes, 1 alberca de olas, 12 albercas, AQUADOMO + grande de latino am\u00e9rica, \u00e1reas verdes, zona de acampar, cancha de volley ball, asadores gratuitos, un hermoso lago y mucho m\u00e1s\u2026\u00a0 <span style=\"color: #ff0000;\">!NUEVAS!\u00a0 <\/span>Tornado, Snake Racer, Kamikase, Stuka, camilanchas, velociraptor, etc.<\/strong><\/p>\n","protected":false},"excerpt":{"rendered":"<p><strong><span style=\"color: #ff0000;\">CUAUTITL\u00c1N &#8211;\u00a0<\/span> ENTRADA + TRANSPORTE VIAJE REDONDO + <span style=\"color: #0000ff;\">(INCLUYE SEGURO DE VIAJERO Y <span style=\"color: #99cc00;\">ENTRADA A MUNDO GRANJERO ZOO)\u00a0 \u00a1Compra tus boletos aqu\u00ed! \u00a0Es M\u00e1s <span style=\"color: #ff0000;\">econ\u00f3mico<\/span><\/span><\/span><\/strong><\/p>\n<ul>\n<li><span style=\"color: #ff0000;\"><strong><span style=\"color: #0000ff;\">Es necesario realizar tu pago EN LINEA ANTES de tu salida.<\/span><\/strong><\/span><\/li>\n<li><span style=\"color: #ff0000;\"><strong><span style=\"color: #0000ff;\">FORMAS DE PAGO: TARJETA DE CR\u00c9DITO O D\u00c9BITO &#8211; El CARGO ES A NOMBRE DE MUNDO GRANJERO llega un correo de confirmaci\u00f3n para IMPRIMIR, ES INDISPENSABLE entregarlo al subir al autob\u00fas<\/span><\/strong><\/span><\/li>\n<li>Puede seleccionar <strong><span style=\"color: #ff0000;\">EFECTIVO OXXO<\/span> <\/strong>o <span style=\"color: #ff0000;\"><strong>tiendas de conveniencia<span style=\"color: #0000ff;\">. Guardar su ticket de pago e imprimir su correo.\u00a0<\/span><\/strong><\/span><br \/>\n<h5><span style=\"color: #0000ff;\"><strong><span class=\"selectable-text copyable-text false\">SU N\u00daMERO DE REFERENCIA LE LLEGA X EMAIL POR PARTE DE <span style=\"color: #ff0000;\">&#8220;FEMSA DIGITAL&#8221;<\/span> REVISAR CORREO NO DESEADO \u00d3 <\/span><\/strong><strong><span class=\"selectable-text copyable-text false\">SPAM.<\/span><\/strong><\/span><\/h5>\n<\/li>\n<li><span style=\"color: #ff0000;\"><strong><span style=\"color: #0000ff;\">Una vez PAGADO llamar 5564548422 | 5552114820\u00a0 para confirmar su compra y DISPONIBILIDAD.\u00a0<\/span><\/strong><\/span><\/li>\n<li><strong><span style=\"color: #ff0000;\">Si quiere ayuda con su pedido llamar al 5564548422 | 5552114820<\/span><\/strong><\/li>\n<\/ul>\n<p><strong><span style=\"color: #ff0000;\">Ni\u00f1os menores de 90 cm. NO PAGAN.<\/span>\u00a0 Viajan en el asiento del acompa\u00f1ante. <\/strong><strong style=\"color: #0000ff;\">Medir a su ni\u00f1o antes de comprar sus boletos, ya que lo medir\u00e1n antes de subir.<\/strong><\/p>\n<ul>\n<li>\n<h4><strong><span style=\"color: #99cc00;\">El boleto es v\u00e1lido solo en la fecha de su salida elegida \u2013 No hay devoluciones ni cambios<\/span><\/strong><\/h4>\n<\/li>\n<\/ul>\n<p><strong><span style=\"color: #ff0000;\"><span style=\"color: #0000ff;\">SALIDA:\u00a0<\/span> \u00a0 \u00a0 \u00a0 07:30 a.m. presentarse 15 minutos antes<\/span>. <span style=\"color: #99cc00;\">\u00a1NO HAY TOLERANCIA EN LA HORA DE SALIDA<\/span>, LAS UNIDADES NO ESPERAN!!<\/strong><\/p>\n<p><span style=\"color: #0000ff;\"><strong>Ubicaci\u00f3n:\u00a0 <\/strong><\/span><strong>Estaci\u00f3n del Tren Suburbano Cuautitl\u00e1n <span style=\"color: #99cc00;\">\u00a1El autob\u00fas sale dentro de la terminal!<\/span> (Amado Nervo esquina Ferronales)<\/strong><\/p>\n<p><span style=\"color: #ff0000;\">Liga con google Maps:<\/span><br \/>\n<a href=\"https:\/\/goo.gl\/maps\/37CuikHp1F2uKqvj7\">https:\/\/goo.gl\/maps\/37CuikHp1F2uKqvj7<\/a><\/p>\n<div style=\"display: grid; grid-template-columns: repeat(3, 1fr); gap: 10px;\">\n<div>\n<p><img decoding=\"async\" class=\"alignnone image-1\" style=\"width: 100%;\" src=\"https:\/\/tepetongo.com.mx\/venta-de-boletos-tepetongo\/wp-content\/uploads\/2018\/10\/cetram-cuautitlan-300x135.jpg\" alt=\"\" \/><\/p>\n<div style=\"font-size: 16px;\"><span style=\"color: #0000ff;\"><strong>Es en el <span style=\"color: #ff0000;\">primer and\u00e9n<\/span> dentro del suburbano.<\/strong><\/span><\/div>\n<\/div>\n<div><img decoding=\"async\" class=\"alignnone image-2\" style=\"width: 100%;\" src=\"https:\/\/tepetongo.com.mx\/venta-de-boletos-tepetongo\/wp-content\/uploads\/2024\/03\/cuautitlan-1.jpg\" alt=\"\" \/><\/div>\n<div><img decoding=\"async\" class=\"alignnone image-3\" style=\"width: 100%;\" src=\"https:\/\/tepetongo.com.mx\/venta-de-boletos-tepetongo\/wp-content\/uploads\/2024\/03\/cuautitlan-2.jpg\" alt=\"\" \/><\/div>\n<\/div>\n<p>&nbsp;<\/p>\n","protected":false},"featured_media":107689,"template":"","meta":{"inline_featured_image":false},"product_brand":[],"product_cat":[28],"product_tag":[],"class_list":{"0":"post-80199","1":"product","2":"type-product","3":"status-publish","4":"has-post-thumbnail","6":"product_cat-salidas-con-transporte","8":"first","9":"instock","10":"virtual","11":"sold-individually","12":"purchasable","13":"product-type-booking"},"booking_location":"","booking_location_type":"","booking_duration":1,"booking_duration_unit":"day","booking_buffer":0,"booking_cost":0,"booking_resources":[],"_links":{"self":[{"href":"https:\/\/tepetongo.com.mx\/venta-de-boletos-tepetongo\/wp-json\/wp\/v2\/product\/80199","targetHints":{"allow":["GET"]}}],"collection":[{"href":"https:\/\/tepetongo.com.mx\/venta-de-boletos-tepetongo\/wp-json\/wp\/v2\/product"}],"about":[{"href":"https:\/\/tepetongo.com.mx\/venta-de-boletos-tepetongo\/wp-json\/wp\/v2\/types\/product"}],"wp:featuredmedia":[{"embeddable":true,"href":"https:\/\/tepetongo.com.mx\/venta-de-boletos-tepetongo\/wp-json\/wp\/v2\/media\/107689"}],"wp:attachment":[{"href":"https:\/\/tepetongo.com.mx\/venta-de-boletos-tepetongo\/wp-json\/wp\/v2\/media?parent=80199"}],"wp:term":[{"taxonomy":"product_brand","embeddable":true,"href":"https:\/\/tepetongo.com.mx\/venta-de-boletos-tepetongo\/wp-json\/wp\/v2\/product_brand?post=80199"},{"taxonomy":"product_cat","embeddable":true,"href":"https:\/\/tepetongo.com.mx\/venta-de-boletos-tepetongo\/wp-json\/wp\/v2\/product_cat?post=80199"},{"taxonomy":"product_tag","embeddable":true,"href":"https:\/\/tepetongo.com.mx\/venta-de-boletos-tepetongo\/wp-json\/wp\/v2\/product_tag?post=80199"}],"curies":[{"name":"wp","href":"https:\/\/api.w.org\/{rel}","templated":true}]}}