{"id":80218,"date":"2022-12-09T12:40:05","date_gmt":"2022-12-09T18:40:05","guid":{"rendered":"https:\/\/tepetongo.com.mx\/venta-de-boletos-tepetongo\/?post_type=product&#038;p=80218"},"modified":"2026-04-09T16:55:15","modified_gmt":"2026-04-09T22:55:15","slug":"5-2-toluca-tepetongo-mundo-granjero-zoo-comida","status":"publish","type":"product","link":"https:\/\/tepetongo.com.mx\/venta-de-boletos-tepetongo\/producto\/5-2-toluca-tepetongo-mundo-granjero-zoo-comida\/","title":{"rendered":"5.2 TOLUCA +TEPETONGO + MUNDO GRANJERO ZOO + COMIDA"},"content":{"rendered":"<blockquote><p><strong><span style=\"color: #99cc00;\">yP**EL REGRESO DEL PARQUE ACU\u00c1TICO TEPETONGO ES A LAS 18:00 HRS EN PUNTO<\/span><\/strong><!--more--><\/p><\/blockquote>\n<p><!--more--><\/p>\n<p><span style=\"color: #99cc00;\"><strong>**NO SE PERMITE EL ABORDAJE A PERSONAS EN ESTADO INCONVENIENTE POR SEGURIDAD DE TODOS\u00a0<\/strong><\/span><\/p>\n<p><strong><span style=\"color: #0000ff;\">ATRACCIONES:<\/span> <\/strong><\/p>\n<p><strong>+ de 25 Toboganes, 1 alberca de olas, 12 albercas, AQUADOMO + grande de latino am\u00e9rica, \u00e1reas verdes, zona de acampar, cancha de volley ball, asadores gratuitos, un hermoso lago y mucho m\u00e1s\u2026\u00a0 <\/strong><\/p>\n<p><strong><span style=\"color: #ff0000;\">!NUEVAS!\u00a0<\/span><\/strong><\/p>\n<p><strong><span style=\"color: #ff0000;\"> VORTEX, <\/span>Tornado, Snake Racer, Kamikase, Stuka, camilanchas, velociraptor, etc.<\/strong><\/p>\n","protected":false},"excerpt":{"rendered":"<p><strong><span style=\"color: #ff0000;\">TOLUCA-\u00a0<\/span> ENTRADA + TRANSPORTE VIAJE REDONDO + COMIDA <span style=\"color: #0000ff;\">(INCLUYE SEGURO DE VIAJERO Y <span style=\"color: #99cc00;\">ENTRADA A MUNDO GRANJERO ZOO)\u00a0 \u00a1Compra tus boletos aqu\u00ed! \u00a0Es M\u00e1s <span style=\"color: #ff0000;\">econ\u00f3mico<\/span><\/span><\/span><\/strong><\/p>\n<ul>\n<li style=\"list-style-type: none;\">\n<ul>\n<li><span style=\"color: #ff0000;\"><strong><span style=\"color: #0000ff;\">Es necesario realizar tu pago EN LINEA ANTES de tu salida.<\/span><\/strong><\/span><\/li>\n<li><span style=\"color: #ff0000;\"><strong><span style=\"color: #0000ff;\">FORMAS DE PAGO: TARJETA DE CR\u00c9DITO O D\u00c9BITO &#8211; El <span style=\"color: #ff0000;\">CARGO ES A NOMBRE DE MUNDO GRANJERO <\/span>llega un correo de confirmaci\u00f3n para IMPRIMIR, <span style=\"color: #ff0000;\">ES INDISPENSABLE entregarlo al subir al autob\u00fas<\/span><\/span><\/strong><\/span><\/li>\n<li>Puede seleccionar <strong><span style=\"color: #ff0000;\">EFECTIVO OXXO<\/span> <\/strong>o <span style=\"color: #ff0000;\"><strong>tiendas de conveniencia<span style=\"color: #0000ff;\">. Guardar su ticket de pago e imprimir su correo.\u00a0<\/span><\/strong><\/span><br \/>\n<h5><span style=\"color: #0000ff;\"><strong><span class=\"selectable-text copyable-text false\">SU N\u00daMERO DE REFERENCIA LE LLEGA X EMAIL POR PARTE DE <span style=\"color: #ff0000;\">&#8220;FEMSA DIGITAL&#8221;<\/span> REVISAR CORREO NO DESEADO \u00d3 <\/span><\/strong><strong><span class=\"selectable-text copyable-text false\">SPAM.<\/span><\/strong><\/span><\/h5>\n<\/li>\n<li>\n<h5><strong style=\"color: #ff0000; font-size: 16px;\"><span style=\"color: #0000ff;\">Una vez comprado llamar 5564548422 | 5552114820 | Toluca: 7222904544 y confirmar su compra y DISPONIBILIDAD.\u00a0<\/span><\/strong><\/h5>\n<\/li>\n<li>\n<h4><strong><span style=\"color: #ff0000;\">Si quiere ayuda con su pedido llamar al 5564548422 | 5552114820 | WHATS 55 6454 8422 | Toluca 7222904544\u00a0\u00a0<\/span><\/strong><\/h4>\n<\/li>\n<\/ul>\n<p><strong><span style=\"color: #ff0000;\"><span style=\"color: #0000ff;\">SALIDA:\u00a0<\/span> \u00a0 \u00a0 \u00a0 07:00 a.m. presentarse 20 minutos antes<\/span>. <span style=\"color: #99cc00;\">\u00a1NO HAY TOLERANCIA EN LA HORA DE SALIDA<\/span>, LAS UNIDADES NO ESPERAN!!<\/strong><\/li>\n<\/ul>\n<p><span style=\"color: #0000ff;\"><strong>Ubicaci\u00f3n: <span style=\"color: #000000;\">Dr. Juan Rodriguez 102, Colonia Residencial Col\u00f3n, C.P. 50120. Toluca, Estado de M\u00e9xico<\/span><\/strong><\/span><\/p>\n<p><span style=\"color: #ff0000;\">Liga con Google Maps:<\/span><\/p>\n<p><a href=\"https:\/\/www.google.com\/maps\/@19.2763107,-99.6603014,3a,90y,54.35h,96.41t\/data=!3m6!1e1!3m4!1sURspqtRq3J79odj91haSxA!2e0!7i16384!8i8192?hl=es&amp;entry=ttu&amp;g_ep=EgoyMDI0MDkxMS4wIKXMDSoASAFQAw%3D%3D\">https:\/\/goo.gl\/maps\/28QcSgNKwqvRcWMi6<\/a><\/p>\n<p><img fetchpriority=\"high\" decoding=\"async\" class=\"alignnone size-medium wp-image-105730\" src=\"https:\/\/tepetongo.com.mx\/venta-de-boletos-tepetongo\/wp-content\/uploads\/2022\/12\/Captura-de-pantalla-2024-09-13-131328-1-300x233.jpg\" alt=\"\" width=\"300\" height=\"233\" srcset=\"https:\/\/tepetongo.com.mx\/venta-de-boletos-tepetongo\/wp-content\/uploads\/2022\/12\/Captura-de-pantalla-2024-09-13-131328-1-300x233.jpg 300w, https:\/\/tepetongo.com.mx\/venta-de-boletos-tepetongo\/wp-content\/uploads\/2022\/12\/Captura-de-pantalla-2024-09-13-131328-1-768x598.jpg 768w, https:\/\/tepetongo.com.mx\/venta-de-boletos-tepetongo\/wp-content\/uploads\/2022\/12\/Captura-de-pantalla-2024-09-13-131328-1-416x324.jpg 416w, https:\/\/tepetongo.com.mx\/venta-de-boletos-tepetongo\/wp-content\/uploads\/2022\/12\/Captura-de-pantalla-2024-09-13-131328-1.jpg 937w\" sizes=\"(max-width: 300px) 100vw, 300px\" \/><\/p>\n<p><strong><span style=\"color: #99cc00;\">**EL REGRESO DEL PARQUE ACU\u00c1TICO TEPETONGO ES A LAS 18:00 HRS EN PUNTO<\/span><\/strong><\/p>\n<p><span style=\"color: #99cc00;\"><strong>**NO SE PERMITE EL ABORDAJE A PERSONAS EN ESTADO INCONVENIENTE POR SEGURIDAD DE TODOS\u00a0<\/strong><\/span><\/p>\n","protected":false},"featured_media":107690,"template":"","meta":{"inline_featured_image":false},"product_brand":[],"product_cat":[28],"product_tag":[],"class_list":{"0":"post-80218","1":"product","2":"type-product","3":"status-publish","4":"has-post-thumbnail","6":"product_cat-salidas-con-transporte","8":"first","9":"instock","10":"virtual","11":"sold-individually","12":"purchasable","13":"product-type-booking"},"booking_location":"","booking_location_type":"","booking_duration":1,"booking_duration_unit":"day","booking_buffer":0,"booking_cost":0,"booking_resources":[],"_links":{"self":[{"href":"https:\/\/tepetongo.com.mx\/venta-de-boletos-tepetongo\/wp-json\/wp\/v2\/product\/80218","targetHints":{"allow":["GET"]}}],"collection":[{"href":"https:\/\/tepetongo.com.mx\/venta-de-boletos-tepetongo\/wp-json\/wp\/v2\/product"}],"about":[{"href":"https:\/\/tepetongo.com.mx\/venta-de-boletos-tepetongo\/wp-json\/wp\/v2\/types\/product"}],"wp:featuredmedia":[{"embeddable":true,"href":"https:\/\/tepetongo.com.mx\/venta-de-boletos-tepetongo\/wp-json\/wp\/v2\/media\/107690"}],"wp:attachment":[{"href":"https:\/\/tepetongo.com.mx\/venta-de-boletos-tepetongo\/wp-json\/wp\/v2\/media?parent=80218"}],"wp:term":[{"taxonomy":"product_brand","embeddable":true,"href":"https:\/\/tepetongo.com.mx\/venta-de-boletos-tepetongo\/wp-json\/wp\/v2\/product_brand?post=80218"},{"taxonomy":"product_cat","embeddable":true,"href":"https:\/\/tepetongo.com.mx\/venta-de-boletos-tepetongo\/wp-json\/wp\/v2\/product_cat?post=80218"},{"taxonomy":"product_tag","embeddable":true,"href":"https:\/\/tepetongo.com.mx\/venta-de-boletos-tepetongo\/wp-json\/wp\/v2\/product_tag?post=80218"}],"curies":[{"name":"wp","href":"https:\/\/api.w.org\/{rel}","templated":true}]}}