{"id":95824,"date":"2023-12-26T16:01:09","date_gmt":"2023-12-26T22:01:09","guid":{"rendered":"https:\/\/tepetongo.com.mx\/venta-de-boletos-tepetongo\/?post_type=product&#038;p=95824"},"modified":"2026-04-07T10:24:58","modified_gmt":"2026-04-07T16:24:58","slug":"0-0-preventa-entrada-general","status":"publish","type":"product","link":"https:\/\/tepetongo.com.mx\/venta-de-boletos-tepetongo\/producto\/0-0-preventa-entrada-general\/","title":{"rendered":"0.0 Preventa Entrada General"},"content":{"rendered":"<h5><strong><span style=\"color: #ff0000;\">ATRACCIONES:<\/span><\/strong><\/h5>\n<h5><strong><span style=\"color: #ff0000;\"> <span style=\"color: #000000;\">+ de 25 Toboganes<\/span><\/span>, 1 alberca de olas, 12 albercas, AQUADOMO + grande de latinoam\u00e9rica, \u00e1reas verdes, zona de acampar, cancha de volley ball, asadores, un hermoso lago y mucho m\u00e1s&#8230;\u00a0 <\/strong><\/h5>\n<h5><strong><span style=\"color: #ff0000;\">NUEVAS:<\/span> <\/strong><\/h5>\n<h5><strong>Vortex, Tornado, Snake Racer, Kamikase, Stuka, camilanchas, velociraptor, etc.<\/strong><\/h5>\n<h5><\/h5>\n<h4><span style=\"color: #99cc00;\"><strong>Ubicaci\u00f3n:<\/strong><\/span><\/h4>\n<h5><strong><span style=\"color: #000000;\">A 1.30 mins. de Santa Fe,\u00a0 CDMX y a 1.45 mins. de Edo. de M\u00e9xico<\/span><\/strong><\/h5>\n<h4><span style=\"color: #99cc00;\"><strong>Como llegar &#8211; Liga con google Maps:<\/strong><\/span><\/h4>\n<p><a href=\"https:\/\/goo.gl\/maps\/YUZBpWa19vFtSQvJ7\">https:\/\/goo.gl\/maps\/YUZBpWa19vFtSQvJ7<\/a><\/p>\n<p><span style=\"color: #99cc00;\"><strong>TOMA EN CUENTA:\u00a0<\/strong><\/span><\/p>\n<p><span style=\"color: #ff0000;\"><strong data-start=\"43\" data-end=\"176\">Todas las atracciones est\u00e1n abiertas todos los d\u00edas, excepto la alberca de olas y un chapoteadero, que cierran de lunes a jueves.<\/strong><\/span><br data-start=\"176\" data-end=\"179\" \/><span style=\"color: #ff0000;\"><strong data-start=\"179\" data-end=\"256\" data-is-last-node=\"\">En d\u00edas festivos y vacaciones, todas las atracciones permanecen abiertas.<\/strong><\/span><\/p>\n<p><span style=\"color: #ff0000;\"><strong>Dentro de PARQUE ACUATICO TEPETONGO hay Restaurantes, taquer\u00eda e islas de comida. <\/strong><\/span><\/p>\n<p><span style=\"color: #ff0000;\"><strong>Puedes Ingresar con alimentos y bebidas pero no esta permitido CRISTAL.<\/strong><\/span><\/p>\n","protected":false},"excerpt":{"rendered":"<h4><span style=\"color: #0000ff;\"><strong>Incluye Entrada General 1 d\u00eda con todas las atracciones<\/strong><\/span><\/h4>\n<h4><span style=\"color: #99cc00;\"><strong><span style=\"color: #ff0000;\">HORARIO: <span style=\"color: #000000;\">LUNES A DOMINGO<\/span> DE <span style=\"color: #000000;\">9:00<\/span> A.M. A <span style=\"color: #000000;\">6.00<\/span> P.M<\/span>.<\/strong><\/span><\/h4>\n<p><strong><span style=\"color: #ff0000;\">Ni\u00f1os menores de 90 cm. NO PAGAN.<\/span>\u00a0<\/strong><\/p>\n<h6><\/h6>\n<p><span style=\"color: #ff0000;\"><strong><span style=\"color: #0000ff;\">FORMAS DE PAGO:\u00a0TARJETA DE CR\u00c9DITO O D\u00c9BITO O PUEDE SELECCIONAR <\/span><\/strong><\/span><strong><span style=\"color: #ff0000;\">EFECTIVO OXXO O TIENDAS DE CONVENIENCIA<\/span><\/strong><span style=\"color: #ff0000;\"><strong><span style=\"color: #0000ff;\">.<\/span><\/strong><\/span><\/p>\n<p><span style=\"color: #0000ff;\"><strong>SI selecciona PAGO EEFECTIVO\u00a0<span style=\"color: #ff0000;\">OXXO<\/span>: <\/strong><strong><span class=\"selectable-text copyable-text false\">SU N\u00daMERO DE REFERENCIA LE LLEGAR\u00c1 A SU <span style=\"color: #ff0000;\">CORREO POR PARTE DE &#8220;FEMSA DIGITAL&#8221;<\/span> (revisar NO DESEADO \u00d3 <\/span><\/strong><strong><span class=\"selectable-text copyable-text false\">SPAM)<\/span><\/strong><\/span><\/p>\n<h6><\/h6>\n<h4><span style=\"color: #ff0000;\"><strong><span style=\"color: #0000ff;\">Es indispensable Guardar su ticket de pago e imprimir su correo.\u00a0<\/span><\/strong><\/span><\/h4>\n<p>&nbsp;<\/p>\n<p><strong><span style=\"color: #ff0000;\">Si quiere ayuda con su pedido llamar al<\/span> <span style=\"color: #0000ff;\">5564548422 | 5552114820<\/span> | WHATS <span style=\"color: #99cc00;\">55 6454 8422\u00a0 \u00d3\u00a0 722 290 4544 <\/span>| <span style=\"color: #800000;\">\u00a0Toluca 7222904544\u00a0\u00a0<\/span><\/strong><\/p>\n<h4><span style=\"color: #99cc00;\"><strong><span style=\"color: #0000ff;\">Boletos v\u00e1lidos s\u00f3lo para la fecha espec\u00edfica que elijas para visitarnos. &#8211; <span style=\"color: #ff0000;\">NO HAY CAMBIOS NI DEVOLUCIONES\u00a0<\/span><\/span><\/strong><\/span><\/h4>\n","protected":false},"featured_media":126368,"template":"","meta":{"inline_featured_image":false},"product_brand":[],"product_cat":[27],"product_tag":[],"class_list":{"0":"post-95824","1":"product","2":"type-product","3":"status-publish","4":"has-post-thumbnail","6":"product_cat-entrada-general","8":"first","9":"instock","10":"virtual","11":"sold-individually","12":"purchasable","13":"product-type-booking"},"booking_location":"","booking_location_type":"","booking_duration":1,"booking_duration_unit":"day","booking_buffer":0,"booking_cost":0,"booking_resources":[],"_links":{"self":[{"href":"https:\/\/tepetongo.com.mx\/venta-de-boletos-tepetongo\/wp-json\/wp\/v2\/product\/95824","targetHints":{"allow":["GET"]}}],"collection":[{"href":"https:\/\/tepetongo.com.mx\/venta-de-boletos-tepetongo\/wp-json\/wp\/v2\/product"}],"about":[{"href":"https:\/\/tepetongo.com.mx\/venta-de-boletos-tepetongo\/wp-json\/wp\/v2\/types\/product"}],"wp:featuredmedia":[{"embeddable":true,"href":"https:\/\/tepetongo.com.mx\/venta-de-boletos-tepetongo\/wp-json\/wp\/v2\/media\/126368"}],"wp:attachment":[{"href":"https:\/\/tepetongo.com.mx\/venta-de-boletos-tepetongo\/wp-json\/wp\/v2\/media?parent=95824"}],"wp:term":[{"taxonomy":"product_brand","embeddable":true,"href":"https:\/\/tepetongo.com.mx\/venta-de-boletos-tepetongo\/wp-json\/wp\/v2\/product_brand?post=95824"},{"taxonomy":"product_cat","embeddable":true,"href":"https:\/\/tepetongo.com.mx\/venta-de-boletos-tepetongo\/wp-json\/wp\/v2\/product_cat?post=95824"},{"taxonomy":"product_tag","embeddable":true,"href":"https:\/\/tepetongo.com.mx\/venta-de-boletos-tepetongo\/wp-json\/wp\/v2\/product_tag?post=95824"}],"curies":[{"name":"wp","href":"https:\/\/api.w.org\/{rel}","templated":true}]}}